{"id":143,"date":"2025-12-27T22:28:29","date_gmt":"2025-12-27T22:28:29","guid":{"rendered":"https:\/\/ai-ts.fr\/?page_id=143"},"modified":"2025-12-27T22:28:29","modified_gmt":"2025-12-27T22:28:29","slug":"nous-contacter","status":"publish","type":"page","link":"https:\/\/ai-ts.fr\/index.php\/nous-contacter\/","title":{"rendered":"Nous contacter!"},"content":{"rendered":"\n<div class=\"wp-block-group alignfull has-base-color has-contrast-background-color has-text-color has-background has-global-padding is-layout-constrained wp-container-core-group-is-layout-ef3d885c wp-block-group-is-layout-constrained\" style=\"margin-top:0;margin-bottom:0;padding-top:var(--wp--preset--spacing--60);padding-right:var(--wp--preset--spacing--60);padding-bottom:var(--wp--preset--spacing--60);padding-left:var(--wp--preset--spacing--60)\">\n<div class=\"wp-block-group has-global-padding is-layout-constrained wp-block-group-is-layout-constrained\">\n<p class=\"has-text-align-center has-base-color has-text-color has-heading-font-family has-x-large-font-size\" style=\"line-height:1.2\">T\u00e9l\u00e9phone : 07 45 28 19 88<\/p>\n\n\n\n<p class=\"has-text-align-center has-base-color has-text-color has-heading-font-family has-x-large-font-size\" style=\"line-height:1.2\">Mail : ai-ts@outlook.fr<\/p>\n\n\n\n<div class=\"wp-block-group is-vertical is-content-justification-center is-nowrap is-layout-flex wp-container-core-group-is-layout-2dc08cea wp-block-group-is-layout-flex\">\n\n\n<p class=\"has-text-align-center\" style=\"margin-top:var(--wp--preset--spacing--10);margin-bottom:0\">Bruno Chiavola<\/p>\n\n\n\n<p class=\"has-text-align-center has-contrast-3-color has-text-color has-small-font-size\" style=\"font-style:normal;font-weight:300\">G\u00e9rant,  AI-TS entreprise individuel<\/p>\n<\/div>\n<\/div>\n<\/div>\n\n\n<style id=\"wpforms-css-vars-26-block-4df9e86d-a1d8-4273-8582-a78e0121d1ab\">\n\t\t\t\t#wpforms-26.wpforms-block-4df9e86d-a1d8-4273-8582-a78e0121d1ab {\n\t\t\t\t--wpforms-field-size-input-height: 43px;\n--wpforms-field-size-input-spacing: 15px;\n--wpforms-field-size-font-size: 16px;\n--wpforms-field-size-line-height: 19px;\n--wpforms-field-size-padding-h: 14px;\n--wpforms-field-size-checkbox-size: 16px;\n--wpforms-field-size-sublabel-spacing: 5px;\n--wpforms-field-size-icon-size: 1;\n--wpforms-label-size-font-size: 16px;\n--wpforms-label-size-line-height: 19px;\n--wpforms-label-size-sublabel-font-size: 14px;\n--wpforms-label-size-sublabel-line-height: 17px;\n--wpforms-button-size-font-size: 17px;\n--wpforms-button-size-height: 41px;\n--wpforms-button-size-padding-h: 15px;\n--wpforms-button-size-margin-top: 10px;\n\t\t\t}\n\t\t\t<\/style><div class=\"wpforms-container wpforms-container-full wpforms-block wpforms-block-4df9e86d-a1d8-4273-8582-a78e0121d1ab wpforms-render-modern\" id=\"wpforms-26\"><form id=\"wpforms-form-26\" class=\"wpforms-validate wpforms-form wpforms-ajax-form\" data-formid=\"26\" method=\"post\" enctype=\"multipart\/form-data\" action=\"\/index.php\/wp-json\/wp\/v2\/pages\/143\" data-token=\"d501dd03210541fb8dab29aeb574bd65\" data-token-time=\"1775576793\"><noscript class=\"wpforms-error-noscript\">Veuillez activer JavaScript dans votre navigateur pour remplir ce formulaire.<\/noscript><div id=\"wpforms-error-noscript\" style=\"display: none;\">Veuillez activer JavaScript dans votre navigateur pour remplir ce formulaire.<\/div><div class=\"wpforms-field-container\"><div id=\"wpforms-26-field_1-container\" class=\"wpforms-field wpforms-field-name\" data-field-id=\"1\"><fieldset><legend class=\"wpforms-field-label\">Nom <span class=\"wpforms-required-label\" aria-hidden=\"true\">*<\/span><\/legend><div class=\"wpforms-field-row wpforms-field-medium\"><div class=\"wpforms-field-row-block wpforms-first wpforms-one-half\"><input type=\"text\" id=\"wpforms-26-field_1\" class=\"wpforms-field-name-first wpforms-field-required\" name=\"wpforms[fields][1][first]\" aria-errormessage=\"wpforms-26-field_1-error\" required><label for=\"wpforms-26-field_1\" class=\"wpforms-field-sublabel after\">Pr\u00e9nom<\/label><\/div><div class=\"wpforms-field-row-block wpforms-one-half\"><input type=\"text\" id=\"wpforms-26-field_1-last\" class=\"wpforms-field-name-last wpforms-field-required\" name=\"wpforms[fields][1][last]\" aria-errormessage=\"wpforms-26-field_1-last-error\" required><label for=\"wpforms-26-field_1-last\" class=\"wpforms-field-sublabel after\">Nom<\/label><\/div><\/div><\/fieldset><\/div><div id=\"wpforms-26-field_2-container\" class=\"wpforms-field wpforms-field-email\" data-field-id=\"2\"><label class=\"wpforms-field-label\" for=\"wpforms-26-field_2\">E-mail <span class=\"wpforms-required-label\" aria-hidden=\"true\">*<\/span><\/label><input type=\"email\" id=\"wpforms-26-field_2\" class=\"wpforms-field-medium wpforms-field-required\" name=\"wpforms[fields][2]\" spellcheck=\"false\" aria-errormessage=\"wpforms-26-field_2-error\" required><\/div>\t\t<div id=\"wpforms-26-field_3-container\"\n\t\t\tclass=\"wpforms-field wpforms-field-text\"\n\t\t\tdata-field-type=\"text\"\n\t\t\tdata-field-id=\"3\"\n\t\t\t>\n\t\t\t<label class=\"wpforms-field-label\" for=\"wpforms-26-field_3\" >E-mail Accord Nom<\/label>\n\t\t\t<input type=\"text\" id=\"wpforms-26-field_3\" class=\"wpforms-field-medium\" name=\"wpforms[fields][3]\" >\n\t\t<\/div>\n\t\t<div id=\"wpforms-26-field_4-container\" class=\"wpforms-field wpforms-field-textarea\" data-field-id=\"4\"><label class=\"wpforms-field-label\" for=\"wpforms-26-field_4\">Texte en paragraphe<\/label><textarea id=\"wpforms-26-field_4\" class=\"wpforms-field-medium\" name=\"wpforms[fields][4]\" aria-errormessage=\"wpforms-26-field_4-error\" ><\/textarea><\/div><div id=\"wpforms-26-field_6-container\" class=\"wpforms-field wpforms-field-gdpr-checkbox\" data-field-id=\"6\"><label class=\"wpforms-field-label\">Accord RGPD <span class=\"wpforms-required-label\" aria-hidden=\"true\">*<\/span><\/label><ul id=\"wpforms-26-field_6\" class=\"wpforms-field-required\"><li class=\"choice-1\"><input type=\"checkbox\" id=\"wpforms-26-field_6_1\" name=\"wpforms[fields][6][]\" value=\"Je consens \u00e0 ce que ce site stocke mes informations envoy\u00e9es afin qu\u2019ils puissent r\u00e9pondre \u00e0 ma requ\u00eate.\" aria-errormessage=\"wpforms-26-field_6_1-error\" required ><label class=\"wpforms-field-label-inline\" for=\"wpforms-26-field_6_1\">Je consens \u00e0 ce que ce site stocke mes informations envoy\u00e9es afin qu\u2019ils puissent r\u00e9pondre \u00e0 ma requ\u00eate.<\/label><\/li><\/ul><\/div><script>\n\t\t\t\t( function() {\n\t\t\t\t\tconst style = document.createElement( 'style' );\n\t\t\t\t\tstyle.appendChild( document.createTextNode( '#wpforms-26-field_3-container { position: absolute !important; overflow: hidden !important; display: inline !important; height: 1px !important; width: 1px !important; z-index: -1000 !important; padding: 0 !important; } #wpforms-26-field_3-container input { visibility: hidden; } #wpforms-conversational-form-page #wpforms-26-field_3-container label { counter-increment: none; }' ) );\n\t\t\t\t\tdocument.head.appendChild( style );\n\t\t\t\t\tdocument.currentScript?.remove();\n\t\t\t\t} )();\n\t\t\t<\/script><\/div><!-- .wpforms-field-container --><div class=\"wpforms-submit-container\" ><input type=\"hidden\" name=\"wpforms[id]\" value=\"26\"><input type=\"hidden\" name=\"page_title\" value=\"\"><input type=\"hidden\" name=\"page_url\" value=\"https:\/\/ai-ts.fr\/index.php\/wp-json\/wp\/v2\/pages\/143\"><input type=\"hidden\" name=\"url_referer\" value=\"\"><button type=\"submit\" name=\"wpforms[submit]\" id=\"wpforms-submit-26\" class=\"wpforms-submit\" data-alt-text=\"Envoi...\" data-submit-text=\"Envoyer\" aria-live=\"assertive\" value=\"wpforms-submit\">Envoyer<\/button><img loading=\"lazy\" decoding=\"async\" src=\"https:\/\/ai-ts.fr\/wp-content\/plugins\/wpforms-lite\/assets\/images\/submit-spin.svg\" class=\"wpforms-submit-spinner\" style=\"display: none;\" width=\"26\" height=\"26\" alt=\"Chargement en cours\"><\/div><\/form><\/div>  <!-- .wpforms-container -->","protected":false},"excerpt":{"rendered":"<p>T\u00e9l\u00e9phone : 07 45 28 19 88 Mail : ai-ts@outlook.fr Bruno Chiavola G\u00e9rant, AI-TS entreprise individuel<\/p>\n","protected":false},"author":2,"featured_media":0,"parent":0,"menu_order":0,"comment_status":"closed","ping_status":"closed","template":"","meta":{"footnotes":""},"class_list":["post-143","page","type-page","status-publish","hentry"],"_links":{"self":[{"href":"https:\/\/ai-ts.fr\/index.php\/wp-json\/wp\/v2\/pages\/143","targetHints":{"allow":["GET"]}}],"collection":[{"href":"https:\/\/ai-ts.fr\/index.php\/wp-json\/wp\/v2\/pages"}],"about":[{"href":"https:\/\/ai-ts.fr\/index.php\/wp-json\/wp\/v2\/types\/page"}],"author":[{"embeddable":true,"href":"https:\/\/ai-ts.fr\/index.php\/wp-json\/wp\/v2\/users\/2"}],"replies":[{"embeddable":true,"href":"https:\/\/ai-ts.fr\/index.php\/wp-json\/wp\/v2\/comments?post=143"}],"version-history":[{"count":2,"href":"https:\/\/ai-ts.fr\/index.php\/wp-json\/wp\/v2\/pages\/143\/revisions"}],"predecessor-version":[{"id":145,"href":"https:\/\/ai-ts.fr\/index.php\/wp-json\/wp\/v2\/pages\/143\/revisions\/145"}],"wp:attachment":[{"href":"https:\/\/ai-ts.fr\/index.php\/wp-json\/wp\/v2\/media?parent=143"}],"curies":[{"name":"wp","href":"https:\/\/api.w.org\/{rel}","templated":true}]}}